{"id":215,"date":"2026-02-25T10:01:04","date_gmt":"2026-02-25T10:01:04","guid":{"rendered":"https:\/\/www.portinhocasa6.pt\/?page_id=215"},"modified":"2026-04-06T10:18:09","modified_gmt":"2026-04-06T10:18:09","slug":"contact","status":"publish","type":"page","link":"https:\/\/www.portinhocasa6.pt\/en\/contactos\/","title":{"rendered":"Contact"},"content":{"rendered":"<p>[et_pb_section fb_built=&#8221;1&#8243; _builder_version=&#8221;4.27.5&#8243; _module_preset=&#8221;default&#8221; custom_margin=&#8221;0px|0px|0px|0px|false|false&#8221; custom_padding=&#8221;0px|0px|0px|0px|false|false&#8221; global_colors_info=&#8221;{}&#8221;][et_pb_row _builder_version=&#8221;4.27.5&#8243; _module_preset=&#8221;default&#8221; width=&#8221;100%&#8221; max_width=&#8221;100%&#8221; custom_margin=&#8221;0px|0px|0px|0px|false|false&#8221; custom_padding=&#8221;0px|0px|0px|0px|false|false&#8221; global_colors_info=&#8221;{}&#8221;][et_pb_column type=&#8221;4_4&#8243; _builder_version=&#8221;4.27.5&#8243; _module_preset=&#8221;default&#8221; global_colors_info=&#8221;{}&#8221;][et_pb_code raw_content_tablet=&#8221;<\/p>\n<div class=%22p-contactos%22>\n<div class=%22grid-contactos%22>\n<div class=%22item-contactos-1%22><\/div>\n<div class=%22item-contactos-2%22>\n<div class=%22bloco-contactos%22>\n<h1 class=%22titulo%22>\n          Entre em contacto<br \/>\n        <\/h1>\n<div class=%22grid-info-contactos%22>\n<div class=%22item-icon%22>\n            <img class=%22icones-conractos-1%22src=%22https:\/\/www.portinhocasa6.pt\/wp-content\/uploads\/2026\/02\/EMAIL-1.svg%22><\/img>\n          <\/div>\n<div class=%22item-info%22>\n          <a class=%22link-contactos%22 href=%22mailto:portinhocasa6@gmail.com%22>portinhocasa6@gmail.com<\/a>\n        <\/div>\n<div class=%22item-icon%22>\n            <img class=%22icones-conractos%22src=%22https:\/\/www.portinhocasa6.pt\/wp-content\/uploads\/2026\/02\/LOCALIZACAO.svg%22><\/img>\n          <\/div>\n<div class=%22item-info%22>\n<p class=%22link-contactos%22>Casa 6 Portinho da Arr\u00e1bida,<br \/>\n<br \/>2925-378, Set\u00fabal Portugal <\/p>\n<\/p><\/div>\n<div class=%22item-icon%22>\n      <img class=%22icones-conractos-1%22src=%22https:\/\/www.portinhocasa6.pt\/wp-content\/uploads\/2026\/02\/COORDENADAS-1.svg%22><\/img>\n          <\/div>\n<div class=%22item-info%22>\n<p class=%22link-contactos%22><b>Lat:<\/b> N 38\u00ba28&#8221;31.26&#8242;<br \/>\n          <b>Long:<\/b> W 8\u00ba59&#8221;5.28&#8242;<\/p>\n<\/p><\/div>\n<\/p><\/div>\n<\/p><\/div>\n<\/p><\/div>\n<\/p><\/div>\n<\/div>\n<style>\n  .grid-contactos{\n    display:grid;\n    grid-template-columns:20% 80%;\n  }\n  .item-contactos-1{\n    background-image:url(%22https:\/\/www.portinhocasa6.pt\/wp-content\/uploads\/2026\/02\/PORTINHO-29-copia-scaled.jpeg%22);\n    background-size:cover;\n    background-position: 20% 10%\n  }\n  .bloco-contactos{\n    background-color:white;\n    padding:15%;\n    transform:translatex(0%);\n    margin:20% 0;\n    border-radius:60px 0;\n  }\n  .titulo{\n    font-family:'Elsie';\n    font-size:36px;\n    color:#1a1a1a;\n    margin-bottom:10%;\n  }\n  .link-contactos{\n    font-family:'Montserrat';\n    font-size:18px;\n    color:#1a1a1a;\n  }\n  .grid-info-contactos{\n    display:grid;\n    grid-template-columns: 80px 1fr;\n    row-gap: 30px;\n    align-items: center;\n  }\n  .item-icon{\n    display:flex;\n    align-items:center;\n    justify-content: center;\n  }\n  .item-info{\n    display:flex;\n    align-items:center;\n  }\n  .icones-conractos {\n  width: 30px;\n  height: auto;\n}\n  .icones-conractos-1 {\n  width: 40px;\n  height: auto;\n}\n<\/style>\n<p>&#8221; raw_content_phone=&#8221;<\/p>\n<div class=%22p-contactos%22>\n<div class=%22bloco-contactos%22>\n<h1 class=%22titulo%22>\n          Entre em contacto<br \/>\n        <\/h1>\n<p>            <img class=%22icones-conractos-1%22src=%22https:\/\/www.portinhocasa6.pt\/wp-content\/uploads\/2026\/02\/EMAIL-1.svg%22><\/img><br \/>\n<\/br><\/p>\n<p class=%22link-contactos%22>\n          <a class=%22link-contactos%22 href=%22mailto:portinhocasa6@gmail.com%22>portinhocasa6@gmail.com<\/a><\/p>\n<p><\/br><\/p>\n<p>            <img class=%22icones-conractos%22src=%22https:\/\/www.portinhocasa6.pt\/wp-content\/uploads\/2026\/02\/LOCALIZACAO.svg%22><\/img><br \/>\n<\/br><\/p>\n<p class=%22link-contactos%22>Casa 6 Portinho da Arr\u00e1bida <br \/>2925-378, Set\u00fabal Portugal <\/p>\n<p><\/br><br \/>\n      <img class=%22icones-conractos-1%22src=%22https:\/\/www.portinhocasa6.pt\/wp-content\/uploads\/2026\/02\/COORDENADAS-1.svg%22><\/img><br \/>\n<\/br><\/p>\n<p class=%22link-contactos%22><b>Lat:<\/b> N 38\u00ba28&#8221;31.26&#8242;<br \/>\n          <b>Long:<\/b> W 8\u00ba59&#8221;5.28&#8242;<\/p>\n<\/p><\/div>\n<\/p><\/div>\n<style>\n  .p-contactos{\n    background-color:#DDEAF2;\n  }\n  .bloco-contactos{\n    background-color:transpatente;\n    padding:30% 10% 20%;\n    text-align:center;\n  }\n  .titulo{\n    font-family:'Elsie';\n    font-size:36px;\n    color:#1a1a1a;\n    margin-bottom:10%;\n  }\n  .link-contactos{\n    font-family:'Montserrat';\n    font-size:18px;\n    color:#1a1a1a;\n  }\n  .icones-conractos {\n  width: 30px;\n  height: auto;\n}\n  .icones-conractos-1 {\n  width: 40px;\n  height: auto;\n}\n<\/style>\n<p>&#8221; raw_content_last_edited=&#8221;on|phone&#8221; _builder_version=&#8221;4.27.5&#8243; _module_preset=&#8221;default&#8221; custom_margin=&#8221;0px|0px|0px|0px|false|false&#8221; custom_padding=&#8221;0px|0px|0px|0px|false|false&#8221; hover_enabled=&#8221;0&#8243; global_colors_info=&#8221;{}&#8221; sticky_enabled=&#8221;0&#8243;]<\/p>\n<div class=\"p-contactos\"><!-- [et_pb_line_break_holder] -->  <\/p>\n<div class=\"grid-contactos\"><!-- [et_pb_line_break_holder] -->    <\/p>\n<div class=\"item-contactos-1\"><!-- [et_pb_line_break_holder] -->      <!-- [et_pb_line_break_holder] -->    <\/div>\n<p><!-- [et_pb_line_break_holder] -->    <\/p>\n<div class=\"item-contactos-2\"><!-- [et_pb_line_break_holder] -->      <\/p>\n<div class=\"bloco-contactos\"><!-- [et_pb_line_break_holder] -->        <\/p>\n<h1 class=\"titulo\"><!-- [et_pb_line_break_holder] -->          Entre em contacto<!-- [et_pb_line_break_holder] -->        <\/h1>\n<p><!-- [et_pb_line_break_holder] -->        <\/p>\n<div class=\"grid-info-contactos\"><!-- [et_pb_line_break_holder] -->          <\/p>\n<div class=\"item-icon\"><!-- [et_pb_line_break_holder] -->            <img class=\"icones-conractos-1\"src=\"https:\/\/www.portinhocasa6.pt\/wp-content\/uploads\/2026\/02\/EMAIL-1.svg\"><\/img><!-- [et_pb_line_break_holder] -->          <\/div>\n<p><!-- [et_pb_line_break_holder] -->        <\/p>\n<div class=\"item-info\"><!-- [et_pb_line_break_holder] -->          <a class=\"link-contactos\" href=\"mailto:portinhocasa6@gmail.com\">portinhocasa6@gmail.com<\/a><!-- [et_pb_line_break_holder] -->        <\/div>\n<p><!-- [et_pb_line_break_holder] -->        <!-- [et_pb_line_break_holder] -->      <\/p>\n<div class=\"item-icon\"><!-- [et_pb_line_break_holder] -->            <img class=\"icones-conractos\"src=\"https:\/\/www.portinhocasa6.pt\/wp-content\/uploads\/2026\/02\/LOCALIZACAO.svg\"><\/img><!-- [et_pb_line_break_holder] -->          <\/div>\n<p><!-- [et_pb_line_break_holder] -->        <\/p>\n<div class=\"item-info\"><!-- [et_pb_line_break_holder] -->          <pee class=\"link-contactos\">Casa 6 Portinho da Arr\u00e1bida,  <!-- [et_pb_line_break_holder] --><!\u2013- [et_pb_br_holder] -\u2013>2925-378, Set\u00fabal Portugal <\/pee><!-- [et_pb_line_break_holder] -->        <\/div>\n<p><!-- [et_pb_line_break_holder] -->    <\/p>\n<div class=\"item-icon\"><!-- [et_pb_line_break_holder] -->      <img class=\"icones-conractos-1\"src=\"https:\/\/www.portinhocasa6.pt\/wp-content\/uploads\/2026\/02\/COORDENADAS-1.svg\"><\/img><!-- [et_pb_line_break_holder] -->          <\/div>\n<p><!-- [et_pb_line_break_holder] -->        <\/p>\n<div class=\"item-info\"><!-- [et_pb_line_break_holder] -->          <pee class=\"link-contactos\"><b>Lat:<\/b> N 38\u00ba28&#8221;31.26&#8242;<!\u2013- [et_pb_br_holder] -\u2013><!-- [et_pb_line_break_holder] -->          <b>Long:<\/b> W 8\u00ba59&#8221;5.28&#8242;<\/pee><!-- [et_pb_line_break_holder] -->        <\/div>\n<p><!-- [et_pb_line_break_holder] -->        <\/div>\n<p><!-- [et_pb_line_break_holder] -->      <\/div>\n<p><!-- [et_pb_line_break_holder] -->    <\/div>\n<p><!-- [et_pb_line_break_holder] -->  <\/div>\n<p><!-- [et_pb_line_break_holder] --><\/div>\n<p><!-- [et_pb_line_break_holder] --><!-- [et_pb_line_break_holder] --><\/p>\n<style><!-- [et_pb_line_break_holder] -->  * {<!-- [et_pb_line_break_holder] -->  margin: 0;<!-- [et_pb_line_break_holder] -->  padding: 0;<!-- [et_pb_line_break_holder] -->  box-sizing: border-box;<!-- [et_pb_line_break_holder] -->}<!-- [et_pb_line_break_holder] -->  body {<!-- [et_pb_line_break_holder] -->  margin: 0 !important;<!-- [et_pb_line_break_holder] -->  padding-top: 80px; \/* Cria espa\u00e7o para o menu fixo n\u00e3o tapar o conte\u00fado *\/<!-- [et_pb_line_break_holder] -->}<!-- [et_pb_line_break_holder] -->  .p-contactos {<!-- [et_pb_line_break_holder] -->  width: 100%;<!-- [et_pb_line_break_holder] -->  overflow: hidden; \/* Evita que margens internas \"fujam\" para fora *\/<!-- [et_pb_line_break_holder] -->    margin-top: 0 !important;<!-- [et_pb_line_break_holder] -->}<!-- [et_pb_line_break_holder] -->  .grid-contactos{<!-- [et_pb_line_break_holder] -->    display:grid;<!-- [et_pb_line_break_holder] -->    grid-template-columns:60% 40%;<!-- [et_pb_line_break_holder] -->  }<!-- [et_pb_line_break_holder] -->  .item-contactos-1{<!-- [et_pb_line_break_holder] -->    background-image:url(\"https:\/\/www.portinhocasa6.pt\/wp-content\/uploads\/2026\/02\/PORTINHO-29-copia-scaled.jpeg\");<!-- [et_pb_line_break_holder] -->    background-size:cover;<!-- [et_pb_line_break_holder] -->    background-position: -10% 10%<!-- [et_pb_line_break_holder] -->  }<!-- [et_pb_line_break_holder] -->  .bloco-contactos{<!-- [et_pb_line_break_holder] -->    background-color:white;<!-- [et_pb_line_break_holder] -->    padding:15%;<!-- [et_pb_line_break_holder] -->    transform:translatex(-40%);<!-- [et_pb_line_break_holder] -->    margin:150px 0;<!-- [et_pb_line_break_holder] -->    border-radius:60px 0;<!-- [et_pb_line_break_holder] -->  }<!-- [et_pb_line_break_holder] -->  .titulo{<!-- [et_pb_line_break_holder] -->    font-family:'Elsie';<!-- [et_pb_line_break_holder] -->    font-size:36px;<!-- [et_pb_line_break_holder] -->    color:#1a1a1a;<!-- [et_pb_line_break_holder] -->    margin-bottom:10%;<!-- [et_pb_line_break_holder] -->  }<!-- [et_pb_line_break_holder] -->  .link-contactos{<!-- [et_pb_line_break_holder] -->    font-family:'Montserrat';<!-- [et_pb_line_break_holder] -->    font-size:18px;<!-- [et_pb_line_break_holder] -->    color:#1a1a1a;<!-- [et_pb_line_break_holder] -->  }<!-- [et_pb_line_break_holder] -->  .grid-info-contactos{<!-- [et_pb_line_break_holder] -->    display:grid;<!-- [et_pb_line_break_holder] -->    grid-template-columns: 80px 1fr;<!-- [et_pb_line_break_holder] -->    row-gap: 30px;<!-- [et_pb_line_break_holder] -->    align-items: center;<!-- [et_pb_line_break_holder] -->  }<!-- [et_pb_line_break_holder] -->  .item-icon{<!-- [et_pb_line_break_holder] -->    display:flex;<!-- [et_pb_line_break_holder] -->    align-items:center;<!-- [et_pb_line_break_holder] -->    justify-content: center;<!-- [et_pb_line_break_holder] -->  }<!-- [et_pb_line_break_holder] -->  .item-info{<!-- [et_pb_line_break_holder] -->    display:flex;<!-- [et_pb_line_break_holder] -->    align-items:center;<!-- [et_pb_line_break_holder] -->  }<!-- [et_pb_line_break_holder] -->  .icones-conractos {<!-- [et_pb_line_break_holder] -->  width: 30px;<!-- [et_pb_line_break_holder] -->  height: auto;<!-- [et_pb_line_break_holder] -->}<!-- [et_pb_line_break_holder] -->  .icones-conractos-1 {<!-- [et_pb_line_break_holder] -->  width: 40px;<!-- [et_pb_line_break_holder] -->  height: auto;<!-- [et_pb_line_break_holder] -->}<!-- [et_pb_line_break_holder] --><\/style>\n<p>[\/et_pb_code][\/et_pb_column][\/et_pb_row][\/et_pb_section][et_pb_section fb_built=&#8221;1&#8243; _builder_version=&#8221;4.27.5&#8243; _module_preset=&#8221;default&#8221; custom_margin=&#8221;0px|0px|0px|0px|false|false&#8221; custom_padding=&#8221;0px|0px|0px|0px|false|false&#8221; global_colors_info=&#8221;{}&#8221;][et_pb_row _builder_version=&#8221;4.27.5&#8243; _module_preset=&#8221;default&#8221; width=&#8221;100%&#8221; max_width=&#8221;100%&#8221; custom_margin=&#8221;0px|0px|0px|0px|false|false&#8221; custom_padding=&#8221;0px|0px|0px|0px|false|false&#8221; global_colors_info=&#8221;{}&#8221;][et_pb_column type=&#8221;4_4&#8243; _builder_version=&#8221;4.27.5&#8243; _module_preset=&#8221;default&#8221; global_colors_info=&#8221;{}&#8221;][et_pb_code raw_content_tablet=&#8221;<\/p>\n<div class=%22localizacao%22>\n<div class=%22info-loc%22>\n<h1 class=titulo-loc>\n      Uma \u00f3tima localiza\u00e7\u00e3o<br \/>\n    <\/h1>\n<p class=%22texto-loc%22>\n      \u2014 <b>Apenas 46 km de Lisboa<\/b> (aproximadamente 45 minutos de carro)\n    <\/p>\n<p class=%22texto-loc%22>\n      \u2014 <b>61 km do Aeroporto Humberto Delgado de Lisboa<\/b> (aproximadamente 50 minutos de carro)\n    <\/p>\n<p class=%22texto-loc%22>\n      \u2014 <b>12 km de Azeit\u00e3o<\/b> (aproximadamente 15 minutos de carro)\n    <\/p>\n<p class=%22texto-loc%22>\n      \u2014 <b>17 km de Sesimbra<\/b> (aproximadamente 30 minutos de carro)\n    <\/p>\n<p class=%22texto-loc%22>\n      \u2014 <b>22 km de Set\u00fabal<\/b> (aproximadamente 40 minutos de carro)\n    <\/p>\n<\/p><\/div>\n<div class=%22google-mpas%22>\n    <iframe src=%22https:\/\/www.google.com\/maps\/embed?pb=!1m17!1m12!1m3!1d269.6991911518378!2d-8.984711205591514!3d38.475446969206644!2m3!1f0!2f0!3f0!3m2!1i1024!2i768!4f13.1!3m2!1m1!2zMzjCsDI4JzMxLjMiTiA4wrA1OScwNS4zIlc!5e1!3m2!1spt-PT!2spt!4v1772018110794!5m2!1spt-PT!2spt%22 width=%22100%%22 height=%22100%%22 style=%22border:0;%22 allowfullscreen=%22%22 loading=%22lazy%22 referrerpolicy=%22no-referrer-when-downgrade%22><\/iframe>\n  <\/div>\n<\/div>\n<style>\n  .localizacao{\n    display:grid;\n    grid-template-columns:100%;\n    background-color:#DDEAF2;\n  }\n  .info-loc{\n    padding:20% 10% 15%;\n  }\n  .texto-loc{\n    font-family:'Montserrat';\n    color:#1a1a1a;\n    font-size:18px;\n  }\n  .titulo-loc{\n    font-family:'Elsie';\n    font-size:36px;\n    color:#1a1a1a;\n    margin-bottom:5%;\n  }\n<\/style>\n<p>&#8221; raw_content_phone=&#8221;<\/p>\n<div class=%22localizacao%22>\n<div class=%22info-loc%22>\n<h1 class=titulo-loc>\n      Uma \u00f3tima localiza\u00e7\u00e3o<br \/>\n    <\/h1>\n<p class=%22texto-loc%22>\n      \u2014 <b>Apenas 46 km de Lisboa<\/b> (aproximadamente 45 minutos de carro)\n    <\/p>\n<p class=%22texto-loc%22>\n      \u2014 <b>61 km do Aeroporto Humberto Delgado de Lisboa<\/b> (aproximadamente 50 minutos de carro)\n    <\/p>\n<p class=%22texto-loc%22>\n      \u2014 <b>12 km de Azeit\u00e3o<\/b> (aproximadamente 15 minutos de carro)\n    <\/p>\n<p class=%22texto-loc%22>\n      \u2014 <b>17 km de Sesimbra<\/b> (aproximadamente 30 minutos de carro)\n    <\/p>\n<p class=%22texto-loc%22>\n      \u2014 <b>22 km de Set\u00fabal<\/b> (aproximadamente 40 minutos de carro)\n    <\/p>\n<\/p><\/div>\n<div class=%22google-mpas%22>\n    <iframe src=%22https:\/\/www.google.com\/maps\/embed?pb=!1m17!1m12!1m3!1d269.6991911518378!2d-8.984711205591514!3d38.475446969206644!2m3!1f0!2f0!3f0!3m2!1i1024!2i768!4f13.1!3m2!1m1!2zMzjCsDI4JzMxLjMiTiA4wrA1OScwNS4zIlc!5e1!3m2!1spt-PT!2spt!4v1772018110794!5m2!1spt-PT!2spt%22 width=%22100%%22 height=%22100%%22 style=%22border:0;%22 allowfullscreen=%22%22 loading=%22lazy%22 referrerpolicy=%22no-referrer-when-downgrade%22><\/iframe>\n  <\/div>\n<\/div>\n<style>\n  .localizacao{\n    display:grid;\n    grid-template-columns:100%;\n    background-color:#DDEAF2;\n    border-top:1px solid #243B5B;\n  }\n  .info-loc{\n    padding:20% 10% 15%;\n  }\n  .texto-loc{\n    font-family:'Montserrat';\n    color:#1a1a1a;\n    font-size:12px;\n  }\n  .titulo-loc{\n    font-family:'Elsie';\n    font-size:24px;\n    color:#1a1a1a;\n    margin-bottom:5%;\n  }<\/p>\n<\/style>\n<p>&#8221; raw_content_last_edited=&#8221;off|desktop&#8221; _builder_version=&#8221;4.27.5&#8243; _module_preset=&#8221;default&#8221; global_colors_info=&#8221;{}&#8221;]<\/p>\n<div class=\"localizacao\"><!-- [et_pb_line_break_holder] -->  <\/p>\n<div class=\"info-loc\"><!-- [et_pb_line_break_holder] -->    <\/p>\n<h1 class=titulo-loc><!-- [et_pb_line_break_holder] -->      Uma \u00f3tima localiza\u00e7\u00e3o<!-- [et_pb_line_break_holder] -->    <\/h1>\n<p><!-- [et_pb_line_break_holder] -->    <pee class=\"texto-loc\"><!-- [et_pb_line_break_holder] -->      <b>Aproximadamente a:<\/b><!-- [et_pb_line_break_holder] -->    <\/pee><!-- [et_pb_line_break_holder] -->    <pee class=\"texto-loc\"><!-- [et_pb_line_break_holder] -->      \u2014 <b>47 km do Centro de Lisboa<\/b> (55 minutos de carro)<!-- [et_pb_line_break_holder] -->    <\/pee><!-- [et_pb_line_break_holder] -->    <pee class=\"texto-loc\"><!-- [et_pb_line_break_holder] -->      \u2014 <b>59 km do Aeroporto Internacional de Lisboa<\/b> (58 minutos de carro)<!-- [et_pb_line_break_holder] -->    <\/pee><!-- [et_pb_line_break_holder] -->    <pee class=\"texto-loc\"><!-- [et_pb_line_break_holder] -->      \u2014 <b>12 km de Azeit\u00e3o<\/b> (15 minutos de carro)<!-- [et_pb_line_break_holder] -->    <\/pee><!-- [et_pb_line_break_holder] -->    <pee class=\"texto-loc\"><!-- [et_pb_line_break_holder] -->      \u2014 <b>17 km de Sesimbra<\/b> (30 minutos de carro)<!-- [et_pb_line_break_holder] -->    <\/pee><!-- [et_pb_line_break_holder] -->    <pee class=\"texto-loc\"><!-- [et_pb_line_break_holder] -->      \u2014 <b>22 km de Set\u00fabal<\/b> (40 minutos de carro)<!-- [et_pb_line_break_holder] -->    <\/pee><!-- [et_pb_line_break_holder] -->    <pee class=\"texto-loc\"><!-- [et_pb_line_break_holder] -->      \u2014 <b>500 m da Praia<\/b> (8 minutos a p\u00e9)<!-- [et_pb_line_break_holder] -->    <\/pee><!-- [et_pb_line_break_holder] -->    <pee class=\"texto-loc\"><!-- [et_pb_line_break_holder] -->      \u2014 <b>14 km do Supermercado<\/b> (21 minutos de carro)<!-- [et_pb_line_break_holder] -->    <\/pee><!-- [et_pb_line_break_holder] -->    <pee class=\"texto-loc\"><!-- [et_pb_line_break_holder] -->      \u2014 <b>13 km da Fram\u00e1cia<\/b> (20 minutos de carro)<!-- [et_pb_line_break_holder] -->    <\/pee><!-- [et_pb_line_break_holder] -->    <pee class=\"texto-loc\"><!-- [et_pb_line_break_holder] -->      \u2014 <b>19 km do Hospital<\/b> (27 minutos de carro)<!-- [et_pb_line_break_holder] -->    <\/pee><!-- [et_pb_line_break_holder] -->  <\/div>\n<p><!-- [et_pb_line_break_holder] -->  <\/p>\n<div class=\"google-mpas\"><!-- [et_pb_line_break_holder] -->    <iframe src=\"https:\/\/www.google.com\/maps\/embed?pb=!1m17!1m12!1m3!1d269.6991911518378!2d-8.984711205591514!3d38.475446969206644!2m3!1f0!2f0!3f0!3m2!1i1024!2i768!4f13.1!3m2!1m1!2zMzjCsDI4JzMxLjMiTiA4wrA1OScwNS4zIlc!5e1!3m2!1spt-PT!2spt!4v1772018110794!5m2!1spt-PT!2spt\" width=\"100%\" height=\"100%\" style=\"border:0;\" allowfullscreen=\"\" loading=\"lazy\" referrerpolicy=\"no-referrer-when-downgrade\"><\/iframe><!-- [et_pb_line_break_holder] -->  <\/div>\n<p><!-- [et_pb_line_break_holder] --><\/div>\n<p><!-- [et_pb_line_break_holder] --><!-- [et_pb_line_break_holder] --><\/p>\n<style><!-- [et_pb_line_break_holder] -->  .localizacao{<!-- [et_pb_line_break_holder] -->    display:grid;<!-- [et_pb_line_break_holder] -->    grid-template-columns:50% 50%;<!-- [et_pb_line_break_holder] -->    background-color:#DDEAF2;<!-- [et_pb_line_break_holder] -->  }<!-- [et_pb_line_break_holder] -->  .info-loc{<!-- [et_pb_line_break_holder] -->    padding:20% 10%;<!-- [et_pb_line_break_holder] -->  }<!-- [et_pb_line_break_holder] -->  .texto-loc{<!-- [et_pb_line_break_holder] -->    font-family:'Montserrat';<!-- [et_pb_line_break_holder] -->    color:#1a1a1a;<!-- [et_pb_line_break_holder] -->    font-size:14px;<!-- [et_pb_line_break_holder] -->  }<!-- [et_pb_line_break_holder] -->  .titulo-loc{<!-- [et_pb_line_break_holder] -->    font-family:'Elsie';<!-- [et_pb_line_break_holder] -->    font-size:36px;<!-- [et_pb_line_break_holder] -->    color:#1a1a1a;<!-- [et_pb_line_break_holder] -->    margin-bottom:5%;<!-- [et_pb_line_break_holder] -->  }<!-- [et_pb_line_break_holder] -->  <!-- [et_pb_line_break_holder] -->  <!-- [et_pb_line_break_holder] -->  \/* ============================================================<!-- [et_pb_line_break_holder] -->   RESPONSIVIDADE (Media Queries)<!-- [et_pb_line_break_holder] -->   ============================================================ *\/<!-- [et_pb_line_break_holder] --><!-- [et_pb_line_break_holder] -->\/* TABLET (De 769px at\u00e9 1024px) <!-- [et_pb_line_break_holder] -->   Aqui ele assume os 36px e 14px *\/<!-- [et_pb_line_break_holder] -->@media (max-width: 1024px) {<!-- [et_pb_line_break_holder] -->  .localizacao{<!-- [et_pb_line_break_holder] -->    grid-template-columns:100%;<!-- [et_pb_line_break_holder] -->    border-top:2px solid #3D6F8E;<!-- [et_pb_line_break_holder] -->  }<!-- [et_pb_line_break_holder] -->  .info-loc{<!-- [et_pb_line_break_holder] -->    padding:20% 5%;<!-- [et_pb_line_break_holder] -->  }<!-- [et_pb_line_break_holder] --><!-- [et_pb_line_break_holder] -->  .titulo-loc{<!-- [et_pb_line_break_holder] -->    text-align:center;<!-- [et_pb_line_break_holder] -->  }<!-- [et_pb_line_break_holder] -->}<!-- [et_pb_line_break_holder] --><!-- [et_pb_line_break_holder] -->\/* MOBILE (At\u00e9 768px)<!-- [et_pb_line_break_holder] -->   Aqui ele reduz para os tamanhos de telem\u00f3vel *\/<!-- [et_pb_line_break_holder] -->@media (max-width: 768px) {<!-- [et_pb_line_break_holder] -->  .localizacao{<!-- [et_pb_line_break_holder] -->    grid-template-columns:100%;<!-- [et_pb_line_break_holder] -->    border-top:2px solid #3D6F8E;<!-- [et_pb_line_break_holder] -->  }<!-- [et_pb_line_break_holder] -->  .info-loc{<!-- [et_pb_line_break_holder] -->    padding:20% 5%;<!-- [et_pb_line_break_holder] -->  }<!-- [et_pb_line_break_holder] --><!-- [et_pb_line_break_holder] -->  .titulo-loc{<!-- [et_pb_line_break_holder] -->    text-align:center;<!-- [et_pb_line_break_holder] -->  }<!-- [et_pb_line_break_holder] -->}<!-- [et_pb_line_break_holder] --><!-- [et_pb_line_break_holder] -->  <!-- [et_pb_line_break_holder] -->  <!-- [et_pb_line_break_holder] --><\/style>\n<p>[\/et_pb_code][\/et_pb_column][\/et_pb_row][\/et_pb_section][et_pb_section fb_built=&#8221;1&#8243; _builder_version=&#8221;4.27.5&#8243; _module_preset=&#8221;default&#8221; custom_margin=&#8221;0px|0px|0px|0px|false|false&#8221; custom_padding=&#8221;0px|0px|0px|0px|false|false&#8221; global_colors_info=&#8221;{}&#8221;][et_pb_row _builder_version=&#8221;4.27.5&#8243; _module_preset=&#8221;default&#8221; width=&#8221;100%&#8221; max_width=&#8221;100%&#8221; custom_margin=&#8221;0px|0px|0px|0px|false|false&#8221; custom_padding=&#8221;0px|0px|0px|0px|false|false&#8221; global_colors_info=&#8221;{}&#8221;][et_pb_column type=&#8221;4_4&#8243; _builder_version=&#8221;4.27.5&#8243; _module_preset=&#8221;default&#8221; global_colors_info=&#8221;{}&#8221;][et_pb_code raw_content_tablet=&#8221;<\/p>\n<div class=%22outras-infos%22>\n<p class=%22texto-loc%22>\n    <b>Aten\u00e7\u00e3o:<\/b> A casa cont\u00e9m escadas. <\/p>\n<p class=%22texto-loc%22>No primeiro piso (Op\u00e7\u00e3o 1), para se chegar ao quarto temos um degrau e nas outras duas op\u00e7\u00f5es temos escadas para aceder a elas.\n  <\/p>\n<\/div>\n<style>\n<p>  .outras-infos{\n    padding:5%\n  }\n  .texto-loc{\n    font-family:'Montserrat';\n    color:#1a1a1a;\n    font-size:18px;\n  }<\/p>\n<\/style>\n<p>&#8221; raw_content_phone=&#8221;<\/p>\n<div class=%22outras-infos%22>\n<p class=%22texto-loc%22>\n    <b>Aten\u00e7\u00e3o:<\/b> A casa cont\u00e9m escadas. <\/p>\n<p class=%22texto-loc%22>No primeiro piso (Op\u00e7\u00e3o 1), para se chegar ao quarto temos um degrau e nas outras duas op\u00e7\u00f5es temos escadas para aceder a elas.\n  <\/p>\n<\/div>\n<style>\n<p>  .outras-infos{\n    padding:5%;\n    text-align:center;\n  }\n  .texto-loc{\n    font-family:'Montserrat';\n    color:#1a1a1a;\n    font-size:18px;\n  }<\/p>\n<\/style>\n<p>&#8221; raw_content_last_edited=&#8221;on|phone&#8221; _builder_version=&#8221;4.27.5&#8243; _module_preset=&#8221;default&#8221; global_colors_info=&#8221;{}&#8221;]<\/p>\n<div class=\"outras-infos\"><!-- [et_pb_line_break_holder] -->  <pee class=\"texto-oi\"><!-- [et_pb_line_break_holder] -->    <b>Aten\u00e7\u00e3o:<\/b> <!-- [et_pb_line_break_holder] -->  <pee class=\"texto-oi\">Na Op\u00e7\u00e3o 1 h\u00e1 um degrau para se aceder \u00e0 zona da cama e nas Op\u00e7\u00f5es 2 e 3 h\u00e1 uma escada de acesso sem elevador.<!-- [et_pb_line_break_holder] -->  <\/pee><!-- [et_pb_line_break_holder] --><\/div>\n<p><!-- [et_pb_line_break_holder] --><!-- [et_pb_line_break_holder] --><\/p>\n<style><!-- [et_pb_line_break_holder] -->  .outras-infos{<!-- [et_pb_line_break_holder] -->    padding:5%<!-- [et_pb_line_break_holder] -->  }<!-- [et_pb_line_break_holder] -->  .texto-oi{<!-- [et_pb_line_break_holder] -->    font-family:'Montserrat';<!-- [et_pb_line_break_holder] -->    color:#1a1a1a;<!-- [et_pb_line_break_holder] -->    font-size:18px;<!-- [et_pb_line_break_holder] -->  }<!-- [et_pb_line_break_holder] --><\/style>\n<p>[\/et_pb_code][\/et_pb_column][\/et_pb_row][\/et_pb_section]<\/p>\n","protected":false},"excerpt":{"rendered":"","protected":false},"author":1,"featured_media":0,"parent":0,"menu_order":0,"comment_status":"closed","ping_status":"closed","template":"","meta":{"_et_pb_use_builder":"on","_et_pb_old_content":"","_et_gb_content_width":"","footnotes":""},"class_list":["post-215","page","type-page","status-publish","hentry"],"_links":{"self":[{"href":"https:\/\/www.portinhocasa6.pt\/en\/wp-json\/wp\/v2\/pages\/215","targetHints":{"allow":["GET"]}}],"collection":[{"href":"https:\/\/www.portinhocasa6.pt\/en\/wp-json\/wp\/v2\/pages"}],"about":[{"href":"https:\/\/www.portinhocasa6.pt\/en\/wp-json\/wp\/v2\/types\/page"}],"author":[{"embeddable":true,"href":"https:\/\/www.portinhocasa6.pt\/en\/wp-json\/wp\/v2\/users\/1"}],"replies":[{"embeddable":true,"href":"https:\/\/www.portinhocasa6.pt\/en\/wp-json\/wp\/v2\/comments?post=215"}],"version-history":[{"count":39,"href":"https:\/\/www.portinhocasa6.pt\/en\/wp-json\/wp\/v2\/pages\/215\/revisions"}],"predecessor-version":[{"id":899,"href":"https:\/\/www.portinhocasa6.pt\/en\/wp-json\/wp\/v2\/pages\/215\/revisions\/899"}],"wp:attachment":[{"href":"https:\/\/www.portinhocasa6.pt\/en\/wp-json\/wp\/v2\/media?parent=215"}],"curies":[{"name":"wp","href":"https:\/\/api.w.org\/{rel}","templated":true}]}}