{"id":743,"date":"2026-03-09T12:47:21","date_gmt":"2026-03-09T12:47:21","guid":{"rendered":"https:\/\/www.portinhocasa6.pt\/?page_id=743"},"modified":"2026-03-09T12:53:03","modified_gmt":"2026-03-09T12:53:03","slug":"privacy-policy","status":"publish","type":"page","link":"https:\/\/www.portinhocasa6.pt\/en\/politica-de-privacidade\/","title":{"rendered":"Privacy Policy"},"content":{"rendered":"\n[et_pb_section fb_built=&#8221;1&#8243; theme_builder_area=&#8221;post_content&#8221; _builder_version=&#8221;4.27.5&#8243; _module_preset=&#8221;default&#8221; custom_margin=&#8221;0px|0px|0px|0px|false|false&#8221; custom_padding=&#8221;0px|0px|0px|0px|false|false&#8221; hover_enabled=&#8221;0&#8243; sticky_enabled=&#8221;0&#8243;][et_pb_row _builder_version=&#8221;4.27.5&#8243; _module_preset=&#8221;default&#8221; theme_builder_area=&#8221;post_content&#8221; custom_margin=&#8221;0px|0px|0px|0px|false|false&#8221; custom_padding=&#8221;0px|0px|0px|0px|false|false&#8221; width=&#8221;100%&#8221; max_width=&#8221;100%&#8221; hover_enabled=&#8221;0&#8243; sticky_enabled=&#8221;0&#8243;][et_pb_column _builder_version=&#8221;4.27.5&#8243; _module_preset=&#8221;default&#8221; type=&#8221;4_4&#8243; theme_builder_area=&#8221;post_content&#8221;][et_pb_code _builder_version=&#8221;4.27.5&#8243; _module_preset=&#8221;default&#8221; theme_builder_area=&#8221;post_content&#8221; hover_enabled=&#8221;0&#8243; sticky_enabled=&#8221;0&#8243;]<div class=\"pdp\"><!-- [et_pb_line_break_holder] -->  <h1 class=\"titulo-pdp\"><!-- [et_pb_line_break_holder] -->    Pol\u00edtica de Privacidade<!-- [et_pb_line_break_holder] -->  <\/h1><!-- [et_pb_line_break_holder] -->  <pee class=\"texto-pdp\"><!-- [et_pb_line_break_holder] -->    <b>Respons\u00e1vel pelo Tratamento:<\/b> Portinho Casa 6, com o e-mail <a class=\"link-pdp\" href=\"mailto:portinhocasa6@gmail.com\">portinhocasa6@gmail.com.<\/a><!-- [et_pb_line_break_holder] -->  <\/pee><!-- [et_pb_line_break_holder] -->  <h2 class=\"subtitulo-pdp\"><!-- [et_pb_line_break_holder] -->    Que dados recolhemos?<!-- [et_pb_line_break_holder] -->  <\/h2><!-- [et_pb_line_break_holder] -->  <pee class=\"texto-pdp\"><!-- [et_pb_line_break_holder] -->    Como o site n\u00e3o possui formul\u00e1rios de contacto, <b>n\u00e3o recolhemos dados pessoais de forma autom\u00e1tica<\/b> atrav\u00e9s da navega\u00e7\u00e3o, exceto os cookies t\u00e9cnicos necess\u00e1rios (ver abaixo).<\/pee><!-- [et_pb_line_break_holder] -->    <pee class=\"texto-pdp\"><!-- [et_pb_line_break_holder] -->Os dados pessoais que tratamos s\u00e3o apenas aqueles que o utilizador nos fornece voluntariamente ao enviar-nos um e-mail ou ao telefonar:<!-- [et_pb_line_break_holder] -->  <\/pee><!-- [et_pb_line_break_holder] -->  <ul><!-- [et_pb_line_break_holder] -->    <li>Nome;<\/li><!-- [et_pb_line_break_holder] -->    <li>Endere\u00e7o de e-mail;<\/li><!-- [et_pb_line_break_holder] -->    <li>N\u00famero de telefone;<\/li><!-- [et_pb_line_break_holder] -->    <li>Informa\u00e7\u00f5es sobre a estadia;<\/li><!-- [et_pb_line_break_holder] -->  <\/ul><!-- [et_pb_line_break_holder] -->  <h2 class=\"subtitulo-pdp\"><!-- [et_pb_line_break_holder] -->    Finalidade dos Dados<!-- [et_pb_line_break_holder] -->  <\/h2><!-- [et_pb_line_break_holder] -->  <pee class=\"texto-pdp\"><!-- [et_pb_line_break_holder] -->    Estes dados servem exclusivamente para:<\/pee><!-- [et_pb_line_break_holder] -->  <ol><!-- [et_pb_line_break_holder] -->    <li>Responder a pedidos de informa\u00e7\u00e3o e or\u00e7amentos;<\/li><!-- [et_pb_line_break_holder] -->    <li>Gerir o processo de reserva e fatura\u00e7\u00e3o.<\/li><!-- [et_pb_line_break_holder] -->  <\/ol><!-- [et_pb_line_break_holder] -->  <h2 class=\"subtitulo-pdp\"><!-- [et_pb_line_break_holder] -->    Partilha de Dados<!-- [et_pb_line_break_holder] -->  <\/h2><!-- [et_pb_line_break_holder] -->  <pee class=\"texto-pdp\"><!-- [et_pb_line_break_holder] -->    N\u00e3o vendemos nem partilhamos os seus dados com terceiros, exceto quando estritamente necess\u00e1rio para:<\/pee><!-- [et_pb_line_break_holder] -->  <ul><!-- [et_pb_line_break_holder] -->    <li>Cumprimento de obriga\u00e7\u00f5es legais (ex: comunica\u00e7\u00e3o ao SEF &#8211; Servi\u00e7o de Estrangeiros e Fronteiras);<\/li><!-- [et_pb_line_break_holder] -->    <li>Emiss\u00e3o de faturas.<\/li><!-- [et_pb_line_break_holder] -->  <\/ul><!-- [et_pb_line_break_holder] -->  <h2 class=\"subtitulo-pdp\"><!-- [et_pb_line_break_holder] -->    Direitos do Utilizador<!-- [et_pb_line_break_holder] -->  <\/h2><!-- [et_pb_line_break_holder] -->  <pee class=\"texto-pdp\"><!-- [et_pb_line_break_holder] -->    Nos termos do RGPD, o utilizador tem direito a aceder, retificar ou apagar os seus dados. Para tal, basta contactar-nos atrav\u00e9s do e-mail: <a class=\"link-pdp\" href=\"mailto:portinhocasa6@gmail.com\">portinhocasa6@gmail.com.<\/a><\/pee><!-- [et_pb_line_break_holder] --><\/div><!-- [et_pb_line_break_holder] --><!-- [et_pb_line_break_holder] --><style><!-- [et_pb_line_break_holder] -->  .pdp{<!-- [et_pb_line_break_holder] -->    background-color:#DDEAF2;<!-- [et_pb_line_break_holder] -->    padding:10%;<!-- [et_pb_line_break_holder] -->  }<!-- [et_pb_line_break_holder] -->  .titulo-pdp{<!-- [et_pb_line_break_holder] -->    font-family:'Elsie';<!-- [et_pb_line_break_holder] -->    font-size:36px;<!-- [et_pb_line_break_holder] -->    color:#1a1a1a;<!-- [et_pb_line_break_holder] -->    margin-bottom:5%;<!-- [et_pb_line_break_holder] -->  }<!-- [et_pb_line_break_holder] -->  .texto-pdp{<!-- [et_pb_line_break_holder] -->    font-family:'Montserrat';<!-- [et_pb_line_break_holder] -->    color:#1a1a1a;<!-- [et_pb_line_break_holder] -->    font-size:14px;<!-- [et_pb_line_break_holder] -->  }<!-- [et_pb_line_break_holder] -->  .subtitulo-pdp{<!-- [et_pb_line_break_holder] -->    font-family:'Montserrat';<!-- [et_pb_line_break_holder] -->    color:#1a1a1a;<!-- [et_pb_line_break_holder] -->    font-size:25px;<!-- [et_pb_line_break_holder] -->    font-weight:700;<!-- [et_pb_line_break_holder] -->  }<!-- [et_pb_line_break_holder] -->  li{<!-- [et_pb_line_break_holder] -->    font-family:'Montserrat';<!-- [et_pb_line_break_holder] -->    color:#1a1a1a;<!-- [et_pb_line_break_holder] -->    font-size:14px;<!-- [et_pb_line_break_holder] -->  }<!-- [et_pb_line_break_holder] -->  .link-pdp{<!-- [et_pb_line_break_holder] -->    color:#3D6F8E;<!-- [et_pb_line_break_holder] -->    font-weight:700;<!-- [et_pb_line_break_holder] -->    text-decoration:underline;<!-- [et_pb_line_break_holder] -->  }<!-- [et_pb_line_break_holder] -->  <!-- [et_pb_line_break_holder] -->  \/* MOBILE (At\u00e9 768px)<!-- [et_pb_line_break_holder] -->   Aqui ele reduz para os tamanhos de telem\u00f3vel *\/<!-- [et_pb_line_break_holder] -->@media (max-width: 768px) {<!-- [et_pb_line_break_holder] -->  .pdp{<!-- [et_pb_line_break_holder] -->    background-color:#DDEAF2;<!-- [et_pb_line_break_holder] -->    padding:30% 5% 20% 5%;<!-- [et_pb_line_break_holder] -->  }<!-- [et_pb_line_break_holder] -->}<!-- [et_pb_line_break_holder] --><!-- [et_pb_line_break_holder] --><\/style>[\/et_pb_code][\/et_pb_column][\/et_pb_row][\/et_pb_section]\n","protected":false},"excerpt":{"rendered":"","protected":false},"author":1,"featured_media":0,"parent":0,"menu_order":0,"comment_status":"closed","ping_status":"closed","template":"","meta":{"_et_pb_use_builder":"on","_et_pb_old_content":"","_et_gb_content_width":"","footnotes":""},"class_list":["post-743","page","type-page","status-publish","hentry"],"_links":{"self":[{"href":"https:\/\/www.portinhocasa6.pt\/en\/wp-json\/wp\/v2\/pages\/743","targetHints":{"allow":["GET"]}}],"collection":[{"href":"https:\/\/www.portinhocasa6.pt\/en\/wp-json\/wp\/v2\/pages"}],"about":[{"href":"https:\/\/www.portinhocasa6.pt\/en\/wp-json\/wp\/v2\/types\/page"}],"author":[{"embeddable":true,"href":"https:\/\/www.portinhocasa6.pt\/en\/wp-json\/wp\/v2\/users\/1"}],"replies":[{"embeddable":true,"href":"https:\/\/www.portinhocasa6.pt\/en\/wp-json\/wp\/v2\/comments?post=743"}],"version-history":[{"count":5,"href":"https:\/\/www.portinhocasa6.pt\/en\/wp-json\/wp\/v2\/pages\/743\/revisions"}],"predecessor-version":[{"id":749,"href":"https:\/\/www.portinhocasa6.pt\/en\/wp-json\/wp\/v2\/pages\/743\/revisions\/749"}],"wp:attachment":[{"href":"https:\/\/www.portinhocasa6.pt\/en\/wp-json\/wp\/v2\/media?parent=743"}],"curies":[{"name":"wp","href":"https:\/\/api.w.org\/{rel}","templated":true}]}}