{"id":751,"date":"2026-03-10T09:34:42","date_gmt":"2026-03-10T09:34:42","guid":{"rendered":"https:\/\/www.portinhocasa6.pt\/?page_id=751"},"modified":"2026-03-10T09:35:00","modified_gmt":"2026-03-10T09:35:00","slug":"terms-of-use","status":"publish","type":"page","link":"https:\/\/www.portinhocasa6.pt\/en\/termos-de-utilizacao\/","title":{"rendered":"Terms of Use"},"content":{"rendered":"<p>[et_pb_section fb_built=&#8221;1&#8243; _builder_version=&#8221;4.27.5&#8243; _module_preset=&#8221;default&#8221; custom_margin=&#8221;0px|0px|0px|0px|false|false&#8221; custom_padding=&#8221;0px|0px|0px|0px|false|false&#8221; global_colors_info=&#8221;{}&#8221; locked=&#8221;off&#8221; theme_builder_area=&#8221;post_content&#8221;][et_pb_row _builder_version=&#8221;4.27.5&#8243; _module_preset=&#8221;default&#8221; width=&#8221;100%&#8221; max_width=&#8221;100%&#8221; custom_margin=&#8221;0px|0px|0px|0px|false|false&#8221; custom_padding=&#8221;0px|0px|0px|0px|false|false&#8221; global_colors_info=&#8221;{}&#8221; theme_builder_area=&#8221;post_content&#8221;][et_pb_column type=&#8221;4_4&#8243; _builder_version=&#8221;4.27.5&#8243; _module_preset=&#8221;default&#8221; global_colors_info=&#8221;{}&#8221; theme_builder_area=&#8221;post_content&#8221;][et_pb_code _builder_version=&#8221;4.27.5&#8243; _module_preset=&#8221;default&#8221; hover_enabled=&#8221;0&#8243; global_colors_info=&#8221;{}&#8221; theme_builder_area=&#8221;post_content&#8221; sticky_enabled=&#8221;0&#8243;]<\/p>\n<div class=\"tu\"><!-- [et_pb_line_break_holder] -->  <\/p>\n<h1 class=\"titulo-tu\"><!-- [et_pb_line_break_holder] -->    Termos de Utiliza\u00e7\u00e3o<!-- [et_pb_line_break_holder] -->  <\/h1>\n<p><!-- [et_pb_line_break_holder] -->  <pee class=\"texto-tu\"><!-- [et_pb_line_break_holder] -->    <b>\u00daltima atualiza\u00e7\u00e3o:<\/b> 10 de Mar\u00e7o de 2026<!-- [et_pb_line_break_holder] -->  <\/pee><!-- [et_pb_line_break_holder] -->  <pee class=\"texto-tu\"><!-- [et_pb_line_break_holder] -->    Estes Termos de Utiliza\u00e7\u00e3o regem o acesso e uso do site dedicado ao aluguer da casa <b>Portinho Casa 6<\/b>. Ao navegar neste site, o utilizador aceita cumprir estas condi\u00e7\u00f5es.<\/pee><!-- [et_pb_line_break_holder] -->  <\/p>\n<ul><!-- [et_pb_line_break_holder] -->    <\/p>\n<li><b>Natureza do Site:<\/b> Este site \u00e9 meramente informativo. O objetivo \u00e9 apresentar a propriedade e disponibilizar meios de contacto para reservas.<\/li>\n<p><!-- [et_pb_line_break_holder] -->    <\/p>\n<li><b>Propriedade Intelectual:<\/b> Todo o conte\u00fado (textos, imagens e log\u00f3tipos) pertence aos propriet\u00e1rios da Portinho Casa 6. \u00c9 proibida a sua reprodu\u00e7\u00e3o sem autoriza\u00e7\u00e3o pr\u00e9via.<\/li>\n<p><!-- [et_pb_line_break_holder] -->    <\/p>\n<li><b>Responsabilidade:<\/b> Fazemos o esfor\u00e7o por manter a informa\u00e7\u00e3o (pre\u00e7os, disponibilidade, fotos) atualizada, mas n\u00e3o garantimos a aus\u00eancia de erros. A reserva final ser\u00e1 sempre formalizada por contacto direto.<\/li>\n<p><!-- [et_pb_line_break_holder] -->    <\/p>\n<li><b>Links de Terceiros:<\/b> Caso existam links para mapas ou redes sociais, n\u00e3o nos responsabilizamos pelas pol\u00edticas de privacidade desses sites externos.<\/li>\n<p><!-- [et_pb_line_break_holder] -->  <\/ul>\n<p><!-- [et_pb_line_break_holder] --><\/div>\n<p><!-- [et_pb_line_break_holder] --><!-- [et_pb_line_break_holder] --><\/p>\n<style><!-- [et_pb_line_break_holder] -->  .tu{<!-- [et_pb_line_break_holder] -->    background-color:#DDEAF2;<!-- [et_pb_line_break_holder] -->    padding:10%;<!-- [et_pb_line_break_holder] -->  }<!-- [et_pb_line_break_holder] -->  .titulo-tu{<!-- [et_pb_line_break_holder] -->    font-family:'Elsie';<!-- [et_pb_line_break_holder] -->    font-size:36px;<!-- [et_pb_line_break_holder] -->    color:#1a1a1a;<!-- [et_pb_line_break_holder] -->    margin-bottom:5%;<!-- [et_pb_line_break_holder] -->  }<!-- [et_pb_line_break_holder] -->  .texto-tu{<!-- [et_pb_line_break_holder] -->    font-family:'Montserrat';<!-- [et_pb_line_break_holder] -->    color:#1a1a1a;<!-- [et_pb_line_break_holder] -->    font-size:14px;<!-- [et_pb_line_break_holder] -->  }<!-- [et_pb_line_break_holder] -->  li{<!-- [et_pb_line_break_holder] -->    font-family:'Montserrat';<!-- [et_pb_line_break_holder] -->    color:#1a1a1a;<!-- [et_pb_line_break_holder] -->    font-size:14px;<!-- [et_pb_line_break_holder] -->  }<!-- [et_pb_line_break_holder] -->  .link-tu{<!-- [et_pb_line_break_holder] -->    color:#3D6F8E;<!-- [et_pb_line_break_holder] -->    font-weight:700;<!-- [et_pb_line_break_holder] -->    text-decoration:underline;<!-- [et_pb_line_break_holder] -->  }<!-- [et_pb_line_break_holder] -->  <!-- [et_pb_line_break_holder] -->  \/* MOBILE (At\u00e9 768px)<!-- [et_pb_line_break_holder] -->   Aqui ele reduz para os tamanhos de telem\u00f3vel *\/<!-- [et_pb_line_break_holder] -->@media (max-width: 768px) {<!-- [et_pb_line_break_holder] -->  .tu{<!-- [et_pb_line_break_holder] -->    background-color:#DDEAF2;<!-- [et_pb_line_break_holder] -->    padding:30% 5% 20% 5%;<!-- [et_pb_line_break_holder] -->  }<!-- [et_pb_line_break_holder] -->}<!-- [et_pb_line_break_holder] --><!-- [et_pb_line_break_holder] --><\/style>\n<p>[\/et_pb_code][\/et_pb_column][\/et_pb_row][\/et_pb_section]<\/p>\n","protected":false},"excerpt":{"rendered":"","protected":false},"author":1,"featured_media":0,"parent":0,"menu_order":0,"comment_status":"closed","ping_status":"closed","template":"","meta":{"_et_pb_use_builder":"on","_et_pb_old_content":"","_et_gb_content_width":"","footnotes":""},"class_list":["post-751","page","type-page","status-publish","hentry"],"_links":{"self":[{"href":"https:\/\/www.portinhocasa6.pt\/en\/wp-json\/wp\/v2\/pages\/751","targetHints":{"allow":["GET"]}}],"collection":[{"href":"https:\/\/www.portinhocasa6.pt\/en\/wp-json\/wp\/v2\/pages"}],"about":[{"href":"https:\/\/www.portinhocasa6.pt\/en\/wp-json\/wp\/v2\/types\/page"}],"author":[{"embeddable":true,"href":"https:\/\/www.portinhocasa6.pt\/en\/wp-json\/wp\/v2\/users\/1"}],"replies":[{"embeddable":true,"href":"https:\/\/www.portinhocasa6.pt\/en\/wp-json\/wp\/v2\/comments?post=751"}],"version-history":[{"count":2,"href":"https:\/\/www.portinhocasa6.pt\/en\/wp-json\/wp\/v2\/pages\/751\/revisions"}],"predecessor-version":[{"id":753,"href":"https:\/\/www.portinhocasa6.pt\/en\/wp-json\/wp\/v2\/pages\/751\/revisions\/753"}],"wp:attachment":[{"href":"https:\/\/www.portinhocasa6.pt\/en\/wp-json\/wp\/v2\/media?parent=751"}],"curies":[{"name":"wp","href":"https:\/\/api.w.org\/{rel}","templated":true}]}}